{"id":771,"date":"2021-01-03T20:01:06","date_gmt":"2021-01-03T17:01:06","guid":{"rendered":"https:\/\/konyamevlana.com\/florya\/?page_id=771"},"modified":"2021-01-03T20:01:08","modified_gmt":"2021-01-03T17:01:08","slug":"gizlilik-guvenlik-politikasi","status":"publish","type":"page","link":"https:\/\/konyamevlana.com\/florya\/gizlilik-guvenlik-politikasi\/","title":{"rendered":"Gizlilik &#038; G\u00fcvenlik Politikas\u0131"},"content":{"rendered":"\n<p>Ki\u015fisel bilgilerinizin gizlili\u011fi ve g\u00fcvenli\u011fi<\/p>\n\n\n\n<p>\u015eirketimiz ve\/veya \u00e7al\u0131\u015ft\u0131\u011f\u0131m\u0131z markalar taraf\u0131ndan analiz edilerek size \u00f6zel reklam, kampanya ve di\u011fer faydalar\u0131n sunulmas\u0131, izin tercihleriniz do\u011frultusunda ticari elektronik ileti g\u00f6nderilebilmesi, posta iletilmesi, anket ve tele sat\u0131\u015f uygulamalar\u0131, bir tak\u0131m kullan\u0131m verilerinizin raporlanmas\u0131 ve de\u011ferlendirilmesi , istatistiki analizler yap\u0131lmas\u0131, \u015eirketimizin ve \u015eirketimizle i\u015f ili\u015fkisi i\u00e7erisinde olan ki\u015filerin hukuki ve ticari g\u00fcvenli\u011finin temini, ticari, ve i\u015f stratejilerinin belirlenmesi ve uygulanmas\u0131 ile \u015eirketimizin insan kaynaklar\u0131 politikalar\u0131n\u0131n y\u00fcr\u00fct\u00fclmesinin temini ama\u00e7lar\u0131yla \u00fcye i\u015fyerlerimize, i\u015f ortaklar\u0131m\u0131za, \u00e7al\u0131\u015ft\u0131\u011f\u0131m\u0131z markalara, hissedarlar\u0131m\u0131za, kanunen yetkili kamu kurumu ve \u00f6zel ki\u015filere , KVKK\u2019n\u0131n 8. Ve 9. Maddelerinde belirtilen ki\u015fisel veri i\u015fleme \u015fartlar\u0131 ve ama\u00e7lar\u0131 \u00e7er\u00e7evesinde aktar\u0131labilecektir. Ki\u015fisel verileriniz gerekli g\u00fcvenlik \u00f6nlemlerinin al\u0131nmas\u0131 ile yukar\u0131da bahsedilen ama\u00e7lar\u0131n ger\u00e7ekle\u015ftirilmesi i\u00e7in yurti\u00e7inde tutulabilece\u011fi gibi yurtd\u0131\u015f\u0131na da aktar\u0131labilecektir.<br>Ki\u015fisel verileriniz, y\u00fcr\u00fcrl\u00fckteki mevzuata uygun \u015fekilde; \u015eirketimiz, Ortaklar\u0131m\u0131z, Grup \u015eirketlerimiz, i\u015ftiraklerimiz, \u015fube ve irtibat b\u00fcrolar\u0131m\u0131z, i\u015f birli\u011fi yapt\u0131\u011f\u0131m\u0131z ya da s\u00f6zle\u015fme ili\u015fkisi bulunan \u00e7\u00f6z\u00fcm ortaklar\u0131m\u0131z, markalar\u0131m\u0131z gibi kanallar arac\u0131l\u0131\u011f\u0131yla s\u00f6zl\u00fc, yaz\u0131l\u0131 ya da elektronik ortamda toplanabilir, bilgileriniz bu 3.\u015fah\u0131s firmalarca da mevzuata ayk\u0131r\u0131 olmamak \u015fart\u0131yla i\u015flenebilir. Bu konuda onay vermemeniz durumunda bunu her an bildirebilirsiniz; biz de bilgilerinizi gerekti\u011fi \u015fekilde eri\u015fime kapal\u0131 tutar\u0131z. Ancak bunu kabul etmemeniz baz\u0131 durumlarda hizmetlerimizde i\u015flevlerin k\u0131s\u0131tlanmas\u0131na yol a\u00e7abilir.<\/p>\n\n\n\n<p>konyamevlana.com, e-posta adresleri ve \u00fcyelik formlar\u0131nda istedi\u011fi ki\u015fisel bilgilerin haricinde site kullan\u0131m\u0131 s\u0131ras\u0131nda izledi\u011fi, ziyaret\u00e7i hareket ve tercihlerini analiz ederek yorumlamaktad\u0131r. Ki\u015fisel bilgiler i\u00e7ermeyen bu istatistiksel veriler, konyamevlana.com m\u00fc\u015fterilerine daha \u00f6zel ve etkin bir al\u0131\u015fveri\u015f deneyimi ya\u015fatmak amac\u0131yla konyamevlana.com i\u015f ortaklar\u0131 ile payla\u015f\u0131labilmektedir.<\/p>\n\n\n\n<p>G\u00fcvenli al\u0131\u015fveri\u015f<\/p>\n\n\n\n<p>Sitemizde 128 Bit SSL (Secure Sockets Layer) G\u00fcvenlik Sertifikas\u0131 kullan\u0131lmaktad\u0131r. 128 bit SSL sertifikam\u0131z sayesinde ki\u015fisel bilgileriniz \u015fifrelendi\u011finden 3.\u015fah\u0131slar\u0131n ellerine ge\u00e7mesi tamam\u0131 ile engellenmi\u015ftir. A\u015fa\u011f\u0131daki ba\u011flant\u0131ya t\u0131klayarak sitemizdeki g\u00fcvenlik sertifikas\u0131n\u0131 sorgulatabilmeniz m\u00fcmk\u00fcnd\u00fcr. https:\/\/www.digicert.com\/help\/?host=konyamevlana.com \u00d6deme sayfas\u0131nda istenen kredi kart\u0131 bilgileriniz, siteden al\u0131\u015fveri\u015f yapan siz de\u011ferli m\u00fc\u015fterilerimizin g\u00fcvenli\u011fini en \u00fcst seviyede tutmak amac\u0131yla hi\u00e7bir \u015fekilde konyamevlana.com veya ona hizmet veren \u015firketlerin sunucular\u0131nda tutulmamaktad\u0131r. Bu \u015fekilde \u00f6demeye y\u00f6nelik t\u00fcm i\u015flemlerin konyamevlana.com ara y\u00fcz\u00fc \u00fczerinden banka ve bilgisayar\u0131n\u0131z aras\u0131nda ger\u00e7ekle\u015fmesi sa\u011flanmaktad\u0131r. Her t\u00fcrl\u00fc sorunuz i\u00e7in, info@konyamevlana.com veya 0212 438 38 24 no\u2019lu \u00e7a\u011fr\u0131 merkezinden mesai saatleri dahilinde bize ula\u015fabilirsiniz.<\/p>\n\n\n\n<p>\u00c7erez Politikas\u0131:<\/p>\n\n\n\n<p>MEVLANA KONYA SAN.VE T\u0130C.LTD.\u015eT\u0130. (\u201cKonya Mevlana\u201d) olarak, kullan\u0131c\u0131lar\u0131m\u0131z\u0131n hizmetlerimizden g\u00fcvenli ve eksiksiz \u015fekilde faydalanmalar\u0131n\u0131 sa\u011flamak amac\u0131yla sitemizi kullanan ki\u015filerin gizlili\u011fini korumak i\u00e7in \u00e7al\u0131\u015f\u0131yoruz.<br>\u00c7o\u011fu web sitesinde oldu\u011fu gibi, konyamevlana.com (\u201cSite\u201d) (\u201cPlatform\u201d olarak an\u0131lacakt\u0131r) ziyaret\u00e7ilere ki\u015fisel i\u00e7erik ve reklamlar\u0131n g\u00f6sterilmesi, site i\u00e7inde analitik faaliyetler ger\u00e7ekle\u015ftirilmesi ve ziyaret\u00e7i kullan\u0131m al\u0131\u015fkanl\u0131klar\u0131n\u0131n takip edilebilmesi amac\u0131yla \u00c7erez kullanmaktad\u0131r.<\/p>\n\n\n\n<p>\u0130\u015fbu \u00c7erez Politakas\u0131 konyamevlana.com Gizlilik Politikas\u0131\u2019n\u0131n ayr\u0131lmaz bir par\u00e7as\u0131d\u0131r.<\/p>\n\n\n\n<p>Konya Mevlana, bu \u00c7erez Politikas\u0131\u2019n\u0131 (\u201cPolitika\u201d) Site\u2019de hangi \u00c7erezlerin kullan\u0131ld\u0131\u011f\u0131n\u0131 ve kullan\u0131c\u0131lar\u0131n bu konudaki tercihlerini nas\u0131l y\u00f6netebilece\u011fini a\u00e7\u0131klamak amac\u0131yla haz\u0131rlam\u0131\u015ft\u0131r.<\/p>\n\n\n\n<p>\u00c7erez (\u201cCookie\u201d) Nedir?<br>\u00c7erezler, ziyaret etti\u011finiz internet siteleri taraf\u0131ndan taray\u0131c\u0131lar arac\u0131l\u0131\u011f\u0131yla cihaz\u0131n\u0131za veya a\u011f sunucusuna depolanan k\u00fc\u00e7\u00fck metin dosyalar\u0131d\u0131r. \u00c7erezler, ziyaret etti\u011finiz web sitesiyle ili\u015fkili sunucular taraf\u0131ndan olu\u015fturulurlar. B\u00f6ylelikle ziyaret\u00e7i ayn\u0131 siteyi ziyaret etti\u011finde sunucu bunu anlayabilir.<\/p>\n\n\n\n<p>\u00c7erezler, ziyaret\u00e7ilere ili\u015fkin isim, cinsiyet veya adres gibi ki\u015fisel verileri i\u00e7ermezler. \u00c7erezler konusunda daha detayl\u0131 bilgi i\u00e7in www.aboutcookies.org ve www.allaboutcookies.org adreslerini ziyaret edebilirsiniz.<\/p>\n\n\n\n<p>Hangi \u00c7erezler Kullan\u0131lmaktad\u0131r?<br>\u00c7erezler, sahipleri, kullan\u0131m \u00f6m\u00fcrleri ve kullan\u0131m ama\u00e7lar\u0131 a\u00e7\u0131s\u0131nda kategorize edilebilir:<\/p>\n\n\n\n<p>\u00c7erezi yerle\u015ftiren tarafa g\u00f6re, Platform \u00e7erezleri ve \u00fc\u00e7\u00fcnc\u00fc taraf \u00c7erezler kullan\u0131lmaktad\u0131r. Platform \u00e7erezleri, konyamevlana.com taraf\u0131ndan olu\u015fturulurken, \u00fc\u00e7\u00fcnc\u00fc taraf \u00e7erezlerini Konya Mevlana ile i\u015f birlikteli\u011fi olan farkl\u0131 firmalar y\u00f6netmektedir.<br>Aktif oldu\u011fu s\u00fcreye g\u00f6re, oturum \u00e7erezleri ve kal\u0131c\u0131 \u00e7erezler kullan\u0131lmaktad\u0131r. Oturum \u00e7erezleri ziyaret\u00e7inin Platform\u2019u terk etmesiyle birlikte silinirken, kal\u0131c\u0131 \u00e7erezler ise kullan\u0131m alan\u0131na ba\u011fl\u0131 olarak \u00e7e\u015fitli s\u00fcrelerle ziyaret\u00e7ilerin cihazlar\u0131nda kalabilmektedir.<br>Kullan\u0131m ama\u00e7lar\u0131na g\u00f6re, Platform\u2019da teknik \u00e7erezler, do\u011frulama \u00e7erezleri, hedefleme\/reklam \u00e7erezleri, ki\u015fiselle\u015ftirme \u00e7erezleri ve analitik \u00e7erezler kullan\u0131lmaktad\u0131r.<\/p>\n\n\n\n<p>Neden \u00c7erezler Kullan\u0131lmaktad\u0131r?<br>Platform\u2019da, \u00c7erezler a\u015fa\u011f\u0131daki ama\u00e7lar kapsam\u0131nda kullan\u0131lmaktad\u0131r:<\/p>\n\n\n\n<p>Platform\u2019un \u00e7al\u0131\u015fmas\u0131 i\u00e7in gerekli temel fonksiyonlar\u0131 ger\u00e7ekle\u015ftirmek. \u00d6rne\u011fin, Konya Mevlana \u00fcyelerinin, \u00fcr\u00fcn sepetindeki \u00fcr\u00fcnlerin ziyaretleri s\u00fcresince kaybolmamas\u0131. Oturum a\u00e7an \u00fcyelerin Platform\u2019da farkl\u0131 sayfalar\u0131 ziyaret ederken tekrar \u015fifre girmelerine gerek kalmamas\u0131.<br>Platform\u2019u analiz etmek ve Platform\u2019un performans\u0131n\u0131 artt\u0131rmak. \u00d6rne\u011fin, Platform\u2019un \u00fczerinde \u00e7al\u0131\u015ft\u0131\u011f\u0131 farkl\u0131 sunucular\u0131n entegrasyonu, Platform\u2019u ziyaret edenlerin say\u0131s\u0131n\u0131n tespit edilmesi ve buna g\u00f6re performans ayarlar\u0131n\u0131n yap\u0131lmas\u0131 ya da ziyaret\u00e7ilerin arad\u0131klar\u0131n\u0131 bulmalar\u0131n\u0131n kolayla\u015ft\u0131r\u0131lmas\u0131.<br>Platform\u2019un i\u015flevselli\u011fini artt\u0131rmak ve kullan\u0131m kolayl\u0131\u011f\u0131 sa\u011flamak. \u00d6rne\u011fin, Platform \u00fczerinden \u00fc\u00e7\u00fcnc\u00fc taraf sosyal medya mecralar\u0131na payla\u015f\u0131mda bulunmak, Platform\u2019u ziyaret eden ziyaret\u00e7inin daha sonraki ziyaretinde kullan\u0131c\u0131 ad\u0131 bilgisinin ya da arama sorgular\u0131n\u0131n hat\u0131rlanmas\u0131<br>Ki\u015fiselle\u015ftirme, hedefleme ve reklamc\u0131l\u0131k faaliyeti ger\u00e7ekle\u015ftirmek. \u00d6rne\u011fin, ziyaret\u00e7ilerin g\u00f6r\u00fcnt\u00fcledikleri sayfa ve \u00fcr\u00fcnler \u00fczerinden ziyaret\u00e7ilerin ilgi alanlar\u0131yla ba\u011flant\u0131l\u0131 reklam g\u00f6sterilmesi.<br>\u00c7erez Tercihlerinizi Nas\u0131l Y\u00f6netebilirsiniz?<br>Konya Mevlana, kullan\u0131c\u0131lar\u0131n kendilerine ait ki\u015fisel veriler \u00fczerindeki tercihlerini kullanabilmelerini son derece \u00f6nemsemektedir. Bununla birlikte, Site\u2019nin \u00e7al\u0131\u015fmas\u0131 i\u00e7in zorunlu olan baz\u0131 \u00c7erezler konusunda tercih y\u00f6netimi m\u00fcmk\u00fcn olmamaktad\u0131r. Ayr\u0131ca baz\u0131 \u00c7erezlerin kapat\u0131lmas\u0131 halinde Site\u2019nin \u00e7e\u015fitli fonksiyonlar\u0131n\u0131n \u00e7al\u0131\u015fmayabilece\u011fini hat\u0131rlatma isteriz.<\/p>\n\n\n\n<p>Platform\u2019da kullan\u0131lan \u00c7erezlere dair tercihlerin ne \u015fekilde y\u00f6netebilece\u011fine dair bilgiler a\u015fa\u011f\u0131daki gibidir:<\/p>\n\n\n\n<p>Ziyaret\u00e7iler, Platform\u2019u g\u00f6r\u00fcnt\u00fcledikleri taray\u0131c\u0131 ayarlar\u0131n\u0131 de\u011fi\u015ftirerek \u00e7erezlere ili\u015fkin tercihlerini ki\u015fiselle\u015ftirme imkan\u0131na sahiptir. E\u011fer kullan\u0131lmakta olan taray\u0131c\u0131 bu imk\u00e2n\u0131 sunmaktaysa, taray\u0131c\u0131 ayarlar\u0131 \u00fczerinden \u00c7erezlere ili\u015fkin tercihleri de\u011fi\u015ftirmek m\u00fcmk\u00fcnd\u00fcr. B\u00f6ylelikle, taray\u0131c\u0131n\u0131n sunmu\u015f oldu\u011fu imkanlara g\u00f6re farkl\u0131l\u0131k g\u00f6sterebilmekle birlikte, veri sahiplerinin \u00e7erezlerin kullan\u0131lmas\u0131n\u0131 engelleme, \u00e7erez kullan\u0131lmadan \u00f6nce uyar\u0131 almay\u0131 tercih etme veya sadece baz\u0131 \u00c7erezleri devre d\u0131\u015f\u0131 b\u0131rakma ya da silme imkanlar\u0131 bulunmaktad\u0131r. Bu konudaki tercihler kullan\u0131lan taray\u0131c\u0131ya g\u00f6re de\u011fi\u015fiklik g\u00f6stermekle birlikte genel a\u00e7\u0131klamaya https:\/\/www.aboutcookies.org\/ adresinden ula\u015fmak m\u00fcmk\u00fcnd\u00fcr. \u00c7erezlere ili\u015fkin tercihlerin, ziyaret\u00e7inin Platform\u2019a eri\u015fim sa\u011flad\u0131\u011f\u0131 her bir cihaz \u00f6zelinde ayr\u0131 ayr\u0131 yap\u0131lmas\u0131 gerekebilecektir.<\/p>\n\n\n\n<p>Google Analytics taraf\u0131ndan y\u00f6netilen \u00c7erezleri kapatmak i\u00e7in t\u0131klay\u0131n\u0131z.<br>Google taraf\u0131ndan sa\u011flanan ki\u015fiselle\u015ftirilmi\u015f reklam deneyimini y\u00f6netmek i\u00e7in t\u0131klay\u0131n\u0131z.<br>Bir\u00e7ok firman\u0131n reklam faaliyetleri i\u00e7in kulland\u0131\u011f\u0131 \u00e7erezler bak\u0131m\u0131ndan tercihler Your Online Choices \u00fczerinden y\u00f6netilebilir.<br>Mobil cihazlar \u00fczerinden \u00c7erezleri y\u00f6netmek i\u00e7in mobil cihaza ait ayarlar men\u00fcs\u00fc kullan\u0131labilir.<br>Hangi Haklara Sahipsiniz?<br>6698 Say\u0131l\u0131 Ki\u015fisel Verilerin Korunmas\u0131 Kanunu\u2019nun 11. maddesi uyar\u0131nca ziyaret\u00e7iler, konyamevlana.com\u2019a ba\u015fvurarak, kendileriyle alakal\u0131,<\/p>\n\n\n\n<p>Ki\u015fisel veri i\u015flenip i\u015flenmedi\u011fini \u00f6\u011frenme,<br>Ki\u015fisel verileri i\u015flenmi\u015fse buna ili\u015fkin bilgi talep etme,<br>Ki\u015fisel verilerin i\u015flenme amac\u0131n\u0131 ve bunlar\u0131n amac\u0131na uygun kullan\u0131l\u0131p kullan\u0131lmad\u0131\u011f\u0131n\u0131 \u00f6\u011frenme,<br>Yurt i\u00e7inde veya yurt d\u0131\u015f\u0131nda ki\u015fisel verilerin aktar\u0131ld\u0131\u011f\u0131 \u00fc\u00e7\u00fcnc\u00fc ki\u015fileri bilme,<br>Ki\u015fisel verilerin eksik veya yanl\u0131\u015f i\u015flenmi\u015f olmas\u0131 h\u00e2linde bunlar\u0131n d\u00fczeltilmesini isteme ve bu kapsamda yap\u0131lan i\u015flemin ki\u015fisel verilerin aktar\u0131ld\u0131\u011f\u0131 \u00fc\u00e7\u00fcnc\u00fc ki\u015filere bildirilmesini isteme,<br>Kanun ve ilgili di\u011fer kanun h\u00fck\u00fcmlerine uygun olarak i\u015flenmi\u015f olmas\u0131na ra\u011fmen, i\u015flenmesini gerektiren sebeplerin ortadan kalkmas\u0131 h\u00e2linde ki\u015fisel verilerin silinmesini veya yok edilmesini isteme ve bu kapsamda yap\u0131lan i\u015flemin ki\u015fisel verilerin aktar\u0131ld\u0131\u011f\u0131 \u00fc\u00e7\u00fcnc\u00fc ki\u015filere bildirilmesini isteme,<br>\u0130\u015flenen verilerin m\u00fcnhas\u0131ran otomatik sistemler vas\u0131tas\u0131yla analiz edilmesi suretiyle ki\u015finin kendisi aleyhine bir sonucun ortaya \u00e7\u0131kmas\u0131na itiraz etme,<br>Ki\u015fisel verilerin kanuna ayk\u0131r\u0131 olarak i\u015flenmesi sebebiyle zarara u\u011framas\u0131 h\u00e2linde zarar\u0131n giderilmesini talep etme haklar\u0131na sahiptir. S\u00f6z konusu haklar, ki\u015fisel veri sahipleri taraf\u0131ndan 6698 say\u0131l\u0131 Kanun Kapsam\u0131nda haz\u0131rlanan Ki\u015fisel Verilerin \u0130\u015flenmesi ve Korunmas\u0131na ili\u015fkin Politika\u2019da belirtilen y\u00f6ntemlerle iletildi\u011finde her h\u00e2l\u00fck\u00e2rda 30 (otuz) g\u00fcn i\u00e7erisinde de\u011ferlendirilerek sonu\u00e7land\u0131r\u0131lacakt\u0131r. Taleplere ili\u015fkin olarak herhangi bir \u00fccret talep edilmemesi esas olmakla birlikte, Konya Mevlana<br>, Ki\u015fisel Verileri Koruma Kurulu taraf\u0131ndan belirlenen \u00fccret tarifesi \u00fczerinden \u00fccret talep etme hakk\u0131n\u0131 sakl\u0131 tutar.<br>R\u0131za ve Gizlilik Politikas\u0131\u2019ndaki De\u011fi\u015fiklikler<br>Konya Mevlana, Gizlilik Politikas\u0131 (\u201cPolitika\u201d) ile kullan\u0131c\u0131lar\u0131na \u00c7erez kullan\u0131m\u0131n\u0131n kapsam\u0131 ve ama\u00e7lar\u0131 hakk\u0131nda detayl\u0131 a\u00e7\u0131klama sunmay\u0131 ve \u00c7erez tercihleri konusunda kullan\u0131c\u0131lar\u0131n\u0131 bilgilendirmeyi hedeflemi\u015ftir. Bu bak\u0131mdan, Platform\u2019da yer alan \u00c7erez bilgilendirme uyar\u0131s\u0131n\u0131n kapat\u0131lmas\u0131 ve Site\u2019nin kullan\u0131lmaya devam edilmesi halinde \u00c7erez kullan\u0131m\u0131na r\u0131za verildi\u011fi kabul edilmektedir. Kullan\u0131c\u0131lar\u0131n \u00c7erez tercihlerini de\u011fi\u015ftirme imk\u00e2n\u0131 her zaman sakl\u0131d\u0131r.<\/p>\n\n\n\n<p>konyamevlana.com, Politika h\u00fck\u00fcmlerini diledi\u011fi zaman de\u011fi\u015ftirebilir. G\u00fcncel Politika Platform\u2019da yay\u0131nland\u0131\u011f\u0131 tarihte y\u00fcr\u00fcrl\u00fck kazan\u0131r.<\/p>\n","protected":false},"excerpt":{"rendered":"<p>Ki\u015fisel bilgilerinizin gizlili\u011fi ve g\u00fcvenli\u011fi \u015eirketimiz ve\/veya \u00e7al\u0131\u015ft\u0131\u011f\u0131m\u0131z markalar taraf\u0131ndan analiz edilerek size \u00f6zel reklam, kampanya ve di\u011fer faydalar\u0131n sunulmas\u0131, izin tercihleriniz do\u011frultusunda ticari elektronik ileti g\u00f6nderilebilmesi, posta iletilmesi, anket ve tele sat\u0131\u015f uygulamalar\u0131, bir tak\u0131m kullan\u0131m verilerinizin raporlanmas\u0131 ve de\u011ferlendirilmesi , istatistiki analizler yap\u0131lmas\u0131, \u015eirketimizin ve \u015eirketimizle i\u015f ili\u015fkisi i\u00e7erisinde olan ki\u015filerin hukuki ve [&#8230;]\n","protected":false},"author":1,"featured_media":0,"parent":0,"menu_order":0,"comment_status":"closed","ping_status":"closed","template":"","meta":[],"yoast_head":"<!-- This site is optimized with the Yoast SEO Premium plugin v15.2 - https:\/\/yoast.com\/wordpress\/plugins\/seo\/ -->\n<title>Gizlilik &amp; G\u00fcvenlik Politikas\u0131 | Konya Mevlana Florya<\/title>\n<meta name=\"robots\" content=\"index, follow, max-snippet:-1, max-image-preview:large, max-video-preview:-1\" \/>\n<link rel=\"canonical\" href=\"https:\/\/konyamevlana.com\/florya\/gizlilik-guvenlik-politikasi\/\" \/>\n<meta property=\"og:locale\" content=\"tr_TR\" \/>\n<meta property=\"og:type\" content=\"article\" \/>\n<meta property=\"og:title\" content=\"Gizlilik &amp; G\u00fcvenlik Politikas\u0131 | Konya Mevlana Florya\" \/>\n<meta property=\"og:description\" content=\"Ki\u015fisel bilgilerinizin gizlili\u011fi ve g\u00fcvenli\u011fi \u015eirketimiz ve\/veya \u00e7al\u0131\u015ft\u0131\u011f\u0131m\u0131z markalar taraf\u0131ndan analiz edilerek size \u00f6zel reklam, kampanya ve di\u011fer faydalar\u0131n sunulmas\u0131, izin tercihleriniz do\u011frultusunda ticari elektronik ileti g\u00f6nderilebilmesi, posta iletilmesi, anket ve tele sat\u0131\u015f uygulamalar\u0131, bir tak\u0131m kullan\u0131m verilerinizin raporlanmas\u0131 ve de\u011ferlendirilmesi , istatistiki analizler yap\u0131lmas\u0131, \u015eirketimizin ve \u015eirketimizle i\u015f ili\u015fkisi i\u00e7erisinde olan ki\u015filerin hukuki ve [...]\" \/>\n<meta property=\"og:url\" content=\"https:\/\/konyamevlana.com\/florya\/gizlilik-guvenlik-politikasi\/\" \/>\n<meta property=\"og:site_name\" content=\"Konya Mevlana Florya\" \/>\n<meta property=\"article:modified_time\" content=\"2021-01-03T17:01:08+00:00\" \/>\n<meta name=\"twitter:card\" content=\"summary_large_image\" \/>\n<meta name=\"twitter:label1\" value=\"Yazan:\">\n\t<meta name=\"twitter:data1\" value=\"admin\">\n\t<meta name=\"twitter:label2\" value=\"Tahmini okuma s\u00fcresi\">\n\t<meta name=\"twitter:data2\" value=\"7 dakika\">\n<script type=\"application\/ld+json\" class=\"yoast-schema-graph\">{\"@context\":\"https:\/\/schema.org\",\"@graph\":[{\"@type\":\"Organization\",\"@id\":\"https:\/\/konyamevlana.com\/florya\/#organization\",\"name\":\"Konya Mevlana Florya\",\"url\":\"https:\/\/konyamevlana.com\/florya\/\",\"sameAs\":[\"https:\/\/www.instagram.com\/konyamevlanaflorya\/\"],\"logo\":{\"@type\":\"ImageObject\",\"@id\":\"https:\/\/konyamevlana.com\/florya\/#logo\",\"inLanguage\":\"tr\",\"url\":\"https:\/\/konyamevlana.com\/florya\/wp-content\/uploads\/2020\/12\/image.png\",\"width\":345,\"height\":168,\"caption\":\"Konya Mevlana Florya\"},\"image\":{\"@id\":\"https:\/\/konyamevlana.com\/florya\/#logo\"}},{\"@type\":\"WebSite\",\"@id\":\"https:\/\/konyamevlana.com\/florya\/#website\",\"url\":\"https:\/\/konyamevlana.com\/florya\/\",\"name\":\"Konya Mevlana Florya\",\"description\":\"Online Sipari\\u015f\",\"publisher\":{\"@id\":\"https:\/\/konyamevlana.com\/florya\/#organization\"},\"potentialAction\":[{\"@type\":\"SearchAction\",\"target\":\"https:\/\/konyamevlana.com\/florya\/?s={search_term_string}\",\"query-input\":\"required name=search_term_string\"}],\"inLanguage\":\"tr\"},{\"@type\":\"WebPage\",\"@id\":\"https:\/\/konyamevlana.com\/florya\/gizlilik-guvenlik-politikasi\/#webpage\",\"url\":\"https:\/\/konyamevlana.com\/florya\/gizlilik-guvenlik-politikasi\/\",\"name\":\"Gizlilik & G\\u00fcvenlik Politikas\\u0131 | Konya Mevlana Florya\",\"isPartOf\":{\"@id\":\"https:\/\/konyamevlana.com\/florya\/#website\"},\"datePublished\":\"2021-01-03T17:01:06+00:00\",\"dateModified\":\"2021-01-03T17:01:08+00:00\",\"inLanguage\":\"tr\",\"potentialAction\":[{\"@type\":\"ReadAction\",\"target\":[\"https:\/\/konyamevlana.com\/florya\/gizlilik-guvenlik-politikasi\/\"]}]}]}<\/script>\n<!-- \/ Yoast SEO Premium plugin. -->","_links":{"self":[{"href":"https:\/\/konyamevlana.com\/florya\/wp-json\/wp\/v2\/pages\/771"}],"collection":[{"href":"https:\/\/konyamevlana.com\/florya\/wp-json\/wp\/v2\/pages"}],"about":[{"href":"https:\/\/konyamevlana.com\/florya\/wp-json\/wp\/v2\/types\/page"}],"author":[{"embeddable":true,"href":"https:\/\/konyamevlana.com\/florya\/wp-json\/wp\/v2\/users\/1"}],"replies":[{"embeddable":true,"href":"https:\/\/konyamevlana.com\/florya\/wp-json\/wp\/v2\/comments?post=771"}],"version-history":[{"count":0,"href":"https:\/\/konyamevlana.com\/florya\/wp-json\/wp\/v2\/pages\/771\/revisions"}],"wp:attachment":[{"href":"https:\/\/konyamevlana.com\/florya\/wp-json\/wp\/v2\/media?parent=771"}],"curies":[{"name":"wp","href":"https:\/\/api.w.org\/{rel}","templated":true}]}}