{"id":767,"date":"2021-01-03T19:57:22","date_gmt":"2021-01-03T16:57:22","guid":{"rendered":"https:\/\/konyamevlana.com\/florya\/?page_id=767"},"modified":"2021-01-03T19:57:24","modified_gmt":"2021-01-03T16:57:24","slug":"tamamen-guven","status":"publish","type":"page","link":"https:\/\/konyamevlana.com\/florya\/tamamen-guven\/","title":{"rendered":"Tamamen G\u00fcven"},"content":{"rendered":"\n<p>Biz\u00a0<strong>www.konyamevlana.com<\/strong>\u00a0olarak g\u00fcvenli\u011fe ve orijinal \u00fcr\u00fcn bulundurmaya \u00e7ok dikkat ediyoruz.<\/p>\n\n\n\n<p>Cloudflare \u2013 The Web Performance &amp; Security Company ile 7 g\u00fcn 24 saat kontrol ve denetimi sa\u011fl\u0131yoruz. Sitemizde bulunurken sizin bilgisayar\u0131n\u0131za\/ tabletinize\/ mobil cihaz\u0131n\u0131za herhangi bir uygulama yollam\u0131yor, sizin ki\u015fisel bilgilerinizi depolam\u0131yoruz.<\/p>\n\n\n\n<p>Sitemize girdikten sonra, RapidSSL SHA 256 CA taraf\u0131ndan sadece sitemize \u00f6zel verilen koruma sayesinde ki\u015fisel t\u00fcm verileriniz ve kredi kart bilgilerinizin g\u00fcvenli\u011fi koruyoruz. (Ye\u015fil Adres \u00c7ubu\u011fu, do\u011fru web sitesinde oldu\u011funuzdan emin olman\u0131z\u0131 sa\u011flayan bir uygulamad\u0131r. Global Sign EV (Extended Validation) SSL sertifikas\u0131na sahip bir siteye girdi\u011finizde taray\u0131c\u0131n\u0131z\u0131n adres \u00e7ubu\u011fu ye\u015fil renge d\u00f6n\u00fc\u015f\u00fcr. Bu g\u00f6rsel uyar\u0131c\u0131 sayesinde doland\u0131r\u0131c\u0131l\u0131k ama\u00e7l\u0131 haz\u0131rlanm\u0131\u015f bir sitede de\u011fil, ger\u00e7ek web sitesinde oldu\u011funuzdan emin olabilirsiniz)<\/p>\n\n\n\n<p>Kredi Kart bilgilerinizi doldurduktan sonra \u201donayl\u0131yorum\u201d t\u0131klad\u0131\u011f\u0131n\u0131zda 3D Secure sistemi devreye girmektedir. ( 3D Secure sistemi, e-ticaret i\u015flemlerinin g\u00fcvenli olarak yap\u0131labilmesini sa\u011flayan ve uluslararas\u0131 kart kurulu\u015flar\u0131nca desteklenen bir sistemdir. 3D secure altyap\u0131s\u0131 olan e-ticaret sitelerin kart hamilleri, g\u00fcvenli bir \u015fekilde i\u015flem yapabilmektedirler.Kredi kart\u0131n\u0131 ald\u0131\u011f\u0131 bankaya vermi\u015f oldu\u011fu cep telefonu numaras\u0131na onay kodu yollamaktad\u0131r. 3D Secure sistemini kullanmayan \u00fcye i\u015f yerlerinde, kart hamilinin bilgisi d\u0131\u015f\u0131nda ger\u00e7ekle\u015ftirilen i\u015flemlere kart hamillerinin itiraz etmeleri durumunda i\u015flem tutarlar\u0131 uluslararas\u0131 kurallar\u0131 \u00e7er\u00e7evesinde \u00fcye i\u015f yerlerinden geri al\u0131nmaktad\u0131r.)<\/p>\n\n\n\n<p>Ki\u015fisel bilgilerimize (Ticari \u00dcnvan, Adres, Sicil, Vergi Numaras\u0131) Hakkimizda sayfam\u0131zdan ula\u015fabilir, soru ve sorunlar\u0131n\u0131z\u0131 bizlerle payla\u015fabilirsiniz<\/p>\n","protected":false},"excerpt":{"rendered":"<p>Biz\u00a0www.konyamevlana.com\u00a0olarak g\u00fcvenli\u011fe ve orijinal \u00fcr\u00fcn bulundurmaya \u00e7ok dikkat ediyoruz. Cloudflare \u2013 The Web Performance &amp; Security Company ile 7 g\u00fcn 24 saat kontrol ve denetimi sa\u011fl\u0131yoruz. Sitemizde bulunurken sizin bilgisayar\u0131n\u0131za\/ tabletinize\/ mobil cihaz\u0131n\u0131za herhangi bir uygulama yollam\u0131yor, sizin ki\u015fisel bilgilerinizi depolam\u0131yoruz. Sitemize girdikten sonra, RapidSSL SHA 256 CA taraf\u0131ndan sadece sitemize \u00f6zel verilen koruma sayesinde [&#8230;]\n","protected":false},"author":1,"featured_media":0,"parent":0,"menu_order":0,"comment_status":"closed","ping_status":"closed","template":"","meta":[],"yoast_head":"<!-- This site is optimized with the Yoast SEO Premium plugin v15.2 - https:\/\/yoast.com\/wordpress\/plugins\/seo\/ -->\n<title>Tamamen G\u00fcven | Konya Mevlana Florya<\/title>\n<meta name=\"robots\" content=\"index, follow, max-snippet:-1, max-image-preview:large, max-video-preview:-1\" \/>\n<link rel=\"canonical\" href=\"https:\/\/konyamevlana.com\/florya\/tamamen-guven\/\" \/>\n<meta property=\"og:locale\" content=\"tr_TR\" \/>\n<meta property=\"og:type\" content=\"article\" \/>\n<meta property=\"og:title\" content=\"Tamamen G\u00fcven | Konya Mevlana Florya\" \/>\n<meta property=\"og:description\" content=\"Biz\u00a0www.konyamevlana.com\u00a0olarak g\u00fcvenli\u011fe ve orijinal \u00fcr\u00fcn bulundurmaya \u00e7ok dikkat ediyoruz. Cloudflare \u2013 The Web Performance &amp; Security Company ile 7 g\u00fcn 24 saat kontrol ve denetimi sa\u011fl\u0131yoruz. Sitemizde bulunurken sizin bilgisayar\u0131n\u0131za\/ tabletinize\/ mobil cihaz\u0131n\u0131za herhangi bir uygulama yollam\u0131yor, sizin ki\u015fisel bilgilerinizi depolam\u0131yoruz. Sitemize girdikten sonra, RapidSSL SHA 256 CA taraf\u0131ndan sadece sitemize \u00f6zel verilen koruma sayesinde [...]\" \/>\n<meta property=\"og:url\" content=\"https:\/\/konyamevlana.com\/florya\/tamamen-guven\/\" \/>\n<meta property=\"og:site_name\" content=\"Konya Mevlana Florya\" \/>\n<meta property=\"article:modified_time\" content=\"2021-01-03T16:57:24+00:00\" \/>\n<meta name=\"twitter:card\" content=\"summary_large_image\" \/>\n<meta name=\"twitter:label1\" value=\"Yazan:\">\n\t<meta name=\"twitter:data1\" value=\"admin\">\n\t<meta name=\"twitter:label2\" value=\"Tahmini okuma s\u00fcresi\">\n\t<meta name=\"twitter:data2\" value=\"1 dakika\">\n<script type=\"application\/ld+json\" class=\"yoast-schema-graph\">{\"@context\":\"https:\/\/schema.org\",\"@graph\":[{\"@type\":\"Organization\",\"@id\":\"https:\/\/konyamevlana.com\/florya\/#organization\",\"name\":\"Konya Mevlana Florya\",\"url\":\"https:\/\/konyamevlana.com\/florya\/\",\"sameAs\":[\"https:\/\/www.instagram.com\/konyamevlanaflorya\/\"],\"logo\":{\"@type\":\"ImageObject\",\"@id\":\"https:\/\/konyamevlana.com\/florya\/#logo\",\"inLanguage\":\"tr\",\"url\":\"https:\/\/konyamevlana.com\/florya\/wp-content\/uploads\/2020\/12\/image.png\",\"width\":345,\"height\":168,\"caption\":\"Konya Mevlana Florya\"},\"image\":{\"@id\":\"https:\/\/konyamevlana.com\/florya\/#logo\"}},{\"@type\":\"WebSite\",\"@id\":\"https:\/\/konyamevlana.com\/florya\/#website\",\"url\":\"https:\/\/konyamevlana.com\/florya\/\",\"name\":\"Konya Mevlana Florya\",\"description\":\"Online Sipari\\u015f\",\"publisher\":{\"@id\":\"https:\/\/konyamevlana.com\/florya\/#organization\"},\"potentialAction\":[{\"@type\":\"SearchAction\",\"target\":\"https:\/\/konyamevlana.com\/florya\/?s={search_term_string}\",\"query-input\":\"required name=search_term_string\"}],\"inLanguage\":\"tr\"},{\"@type\":\"WebPage\",\"@id\":\"https:\/\/konyamevlana.com\/florya\/tamamen-guven\/#webpage\",\"url\":\"https:\/\/konyamevlana.com\/florya\/tamamen-guven\/\",\"name\":\"Tamamen G\\u00fcven | Konya Mevlana Florya\",\"isPartOf\":{\"@id\":\"https:\/\/konyamevlana.com\/florya\/#website\"},\"datePublished\":\"2021-01-03T16:57:22+00:00\",\"dateModified\":\"2021-01-03T16:57:24+00:00\",\"inLanguage\":\"tr\",\"potentialAction\":[{\"@type\":\"ReadAction\",\"target\":[\"https:\/\/konyamevlana.com\/florya\/tamamen-guven\/\"]}]}]}<\/script>\n<!-- \/ Yoast SEO Premium plugin. -->","_links":{"self":[{"href":"https:\/\/konyamevlana.com\/florya\/wp-json\/wp\/v2\/pages\/767"}],"collection":[{"href":"https:\/\/konyamevlana.com\/florya\/wp-json\/wp\/v2\/pages"}],"about":[{"href":"https:\/\/konyamevlana.com\/florya\/wp-json\/wp\/v2\/types\/page"}],"author":[{"embeddable":true,"href":"https:\/\/konyamevlana.com\/florya\/wp-json\/wp\/v2\/users\/1"}],"replies":[{"embeddable":true,"href":"https:\/\/konyamevlana.com\/florya\/wp-json\/wp\/v2\/comments?post=767"}],"version-history":[{"count":0,"href":"https:\/\/konyamevlana.com\/florya\/wp-json\/wp\/v2\/pages\/767\/revisions"}],"wp:attachment":[{"href":"https:\/\/konyamevlana.com\/florya\/wp-json\/wp\/v2\/media?parent=767"}],"curies":[{"name":"wp","href":"https:\/\/api.w.org\/{rel}","templated":true}]}}