{"id":726,"date":"2021-01-02T12:15:59","date_gmt":"2021-01-02T09:15:59","guid":{"rendered":"https:\/\/konyamevlana.com\/bahcelievler\/?page_id=726"},"modified":"2021-01-02T12:16:20","modified_gmt":"2021-01-02T09:16:20","slug":"blog","status":"publish","type":"page","link":"https:\/\/konyamevlana.com\/bahcelievler\/blog\/","title":{"rendered":"Blog"},"content":{"rendered":"\n<p>Blog yaz\u0131lar\u0131 bu k\u0131s\u0131mda yer alacakt\u0131r.<\/p>\n","protected":false},"excerpt":{"rendered":"<p>Blog yaz\u0131lar\u0131 bu k\u0131s\u0131mda yer alacakt\u0131r.<\/p>\n","protected":false},"author":1,"featured_media":0,"parent":0,"menu_order":0,"comment_status":"closed","ping_status":"closed","template":"","meta":[],"yoast_head":"<!-- This site is optimized with the Yoast SEO Premium plugin v15.2 - https:\/\/yoast.com\/wordpress\/plugins\/seo\/ -->\n<title>Blog | Konya Mevlana Bah&ccedil;elievler<\/title>\n<meta name=\"robots\" content=\"index, follow, max-snippet:-1, max-image-preview:large, max-video-preview:-1\" \/>\n<link rel=\"canonical\" href=\"https:\/\/konyamevlana.com\/bahcelievler\/blog\/\" \/>\n<meta property=\"og:locale\" content=\"tr_TR\" \/>\n<meta property=\"og:type\" content=\"article\" \/>\n<meta property=\"og:title\" content=\"Blog | Konya Mevlana Bah&ccedil;elievler\" \/>\n<meta property=\"og:description\" content=\"Blog yaz\u0131lar\u0131 bu k\u0131s\u0131mda yer alacakt\u0131r.\" \/>\n<meta property=\"og:url\" content=\"https:\/\/konyamevlana.com\/bahcelievler\/blog\/\" \/>\n<meta property=\"og:site_name\" content=\"Konya Mevlana Bah&ccedil;elievler\" \/>\n<meta property=\"article:modified_time\" content=\"2021-01-02T09:16:20+00:00\" \/>\n<meta name=\"twitter:card\" content=\"summary_large_image\" \/>\n<meta name=\"twitter:label1\" value=\"Yazan:\">\n\t<meta name=\"twitter:data1\" value=\"admin\">\n\t<meta name=\"twitter:label2\" value=\"Tahmini okuma s\u00fcresi\">\n\t<meta name=\"twitter:data2\" value=\"0 dakika\">\n<script type=\"application\/ld+json\" class=\"yoast-schema-graph\">{\"@context\":\"https:\/\/schema.org\",\"@graph\":[{\"@type\":\"Organization\",\"@id\":\"https:\/\/konyamevlana.com\/bahcelievler\/#organization\",\"name\":\"Konya Mevlana Bah\\u00e7elievler\",\"url\":\"https:\/\/konyamevlana.com\/bahcelievler\/\",\"sameAs\":[\"https:\/\/www.instagram.com\/konyamevlanaflorya\/\"],\"logo\":{\"@type\":\"ImageObject\",\"@id\":\"https:\/\/konyamevlana.com\/bahcelievler\/#logo\",\"inLanguage\":\"tr\",\"url\":\"https:\/\/konyamevlana.com\/bahcelievler\/wp-content\/uploads\/2020\/12\/image.png\",\"width\":345,\"height\":168,\"caption\":\"Konya Mevlana Bah\\u00e7elievler\"},\"image\":{\"@id\":\"https:\/\/konyamevlana.com\/bahcelievler\/#logo\"}},{\"@type\":\"WebSite\",\"@id\":\"https:\/\/konyamevlana.com\/bahcelievler\/#website\",\"url\":\"https:\/\/konyamevlana.com\/bahcelievler\/\",\"name\":\"Konya Mevlana Bah&ccedil;elievler\",\"description\":\"Online Sipari\\u015f\",\"publisher\":{\"@id\":\"https:\/\/konyamevlana.com\/bahcelievler\/#organization\"},\"potentialAction\":[{\"@type\":\"SearchAction\",\"target\":\"https:\/\/konyamevlana.com\/bahcelievler\/?s={search_term_string}\",\"query-input\":\"required name=search_term_string\"}],\"inLanguage\":\"tr\"},{\"@type\":\"WebPage\",\"@id\":\"https:\/\/konyamevlana.com\/bahcelievler\/blog\/#webpage\",\"url\":\"https:\/\/konyamevlana.com\/bahcelievler\/blog\/\",\"name\":\"Blog | Konya Mevlana Bah&ccedil;elievler\",\"isPartOf\":{\"@id\":\"https:\/\/konyamevlana.com\/bahcelievler\/#website\"},\"datePublished\":\"2021-01-02T09:15:59+00:00\",\"dateModified\":\"2021-01-02T09:16:20+00:00\",\"inLanguage\":\"tr\",\"potentialAction\":[{\"@type\":\"ReadAction\",\"target\":[\"https:\/\/konyamevlana.com\/bahcelievler\/blog\/\"]}]}]}<\/script>\n<!-- \/ Yoast SEO Premium plugin. -->","_links":{"self":[{"href":"https:\/\/konyamevlana.com\/bahcelievler\/wp-json\/wp\/v2\/pages\/726"}],"collection":[{"href":"https:\/\/konyamevlana.com\/bahcelievler\/wp-json\/wp\/v2\/pages"}],"about":[{"href":"https:\/\/konyamevlana.com\/bahcelievler\/wp-json\/wp\/v2\/types\/page"}],"author":[{"embeddable":true,"href":"https:\/\/konyamevlana.com\/bahcelievler\/wp-json\/wp\/v2\/users\/1"}],"replies":[{"embeddable":true,"href":"https:\/\/konyamevlana.com\/bahcelievler\/wp-json\/wp\/v2\/comments?post=726"}],"version-history":[{"count":0,"href":"https:\/\/konyamevlana.com\/bahcelievler\/wp-json\/wp\/v2\/pages\/726\/revisions"}],"wp:attachment":[{"href":"https:\/\/konyamevlana.com\/bahcelievler\/wp-json\/wp\/v2\/media?parent=726"}],"curies":[{"name":"wp","href":"https:\/\/api.w.org\/{rel}","templated":true}]}}